{"id":98,"date":"2026-03-19T09:49:58","date_gmt":"2026-03-19T09:49:58","guid":{"rendered":"https:\/\/solopan.com.pl\/?page_id=98"},"modified":"2026-03-19T13:15:31","modified_gmt":"2026-03-19T13:15:31","slug":"contact","status":"publish","type":"page","link":"https:\/\/solopan.com.pl\/?page_id=98","title":{"rendered":"CONTACT"},"content":{"rendered":"<p>[et_pb_section fb_built=&#8221;1&#8243; _builder_version=&#8221;4.21.0&#8243; _module_preset=&#8221;default&#8221; background_color=&#8221;#000000&#8243; global_colors_info=&#8221;{}&#8221;][et_pb_row _builder_version=&#8221;4.21.0&#8243; _module_preset=&#8221;default&#8221; global_colors_info=&#8221;{}&#8221;][et_pb_column type=&#8221;4_4&#8243; _builder_version=&#8221;4.21.0&#8243; _module_preset=&#8221;default&#8221; global_colors_info=&#8221;{}&#8221;][et_pb_code _builder_version=&#8221;4.21.0&#8243; _module_preset=&#8221;default&#8221; hover_enabled=&#8221;0&#8243; sticky_enabled=&#8221;0&#8243;]<\/p>\n<div class=\"premium-contact-wrapper\"><!-- [et_pb_line_break_holder] -->    <\/p>\n<h2 class=\"contact-subtitle\">CONTACT<\/h2>\n<p><!-- [et_pb_line_break_holder] -->    <!-- [et_pb_line_break_holder] -->    <a href=\"mailto:jacek@solopan.com.pl\" class=\"contact-email\">jacek@solopan.com.pl<\/a><!-- [et_pb_line_break_holder] -->    <!-- [et_pb_line_break_holder] -->    <\/p>\n<div class=\"contact-address\"><!-- [et_pb_line_break_holder] -->        <pee>SIENNA 72\/15 <span class=\"dot\">\u2022<\/span> 00-833 WARSZAWA<\/pee><!-- [et_pb_line_break_holder] -->    <\/div>\n<p><!-- [et_pb_line_break_holder] --><\/div>\n<p><!-- [et_pb_line_break_holder] --><!-- [et_pb_line_break_holder] --><\/p>\n<style><!-- [et_pb_line_break_holder] -->\/* G\u0142\u00f3wny kontener - wy\u015brodkowanie na pe\u0142en ekran *\/<!-- [et_pb_line_break_holder] -->.premium-contact-wrapper {<!-- [et_pb_line_break_holder] -->    display: flex;<!-- [et_pb_line_break_holder] -->    flex-direction: column;<!-- [et_pb_line_break_holder] -->    align-items: center;<!-- [et_pb_line_break_holder] -->    justify-content: center;<!-- [et_pb_line_break_holder] -->    min-height: 75vh; <!-- [et_pb_line_break_holder] -->    text-align: center;<!-- [et_pb_line_break_holder] -->    width: 100%;<!-- [et_pb_line_break_holder] -->}<!-- [et_pb_line_break_holder] --><!-- [et_pb_line_break_holder] -->\/* Ma\u0142y, rozstrzelony napis CONTACT na g\u00f3rze *\/<!-- [et_pb_line_break_holder] -->.contact-subtitle {<!-- [et_pb_line_break_holder] -->    font-size: 14px !important;<!-- [et_pb_line_break_holder] -->    letter-spacing: 8px !important;<!-- [et_pb_line_break_holder] -->    color: #888888 !important;<!-- [et_pb_line_break_holder] -->    text-transform: uppercase;<!-- [et_pb_line_break_holder] -->    font-weight: 400 !important;<!-- [et_pb_line_break_holder] -->    margin-bottom: 3vh !important;<!-- [et_pb_line_break_holder] -->    padding-left: 8px; \/* Wyr\u00f3wnanie optyczne przy letter-spacing *\/<!-- [et_pb_line_break_holder] -->}<!-- [et_pb_line_break_holder] --><!-- [et_pb_line_break_holder] -->\/* Gigantyczny, cienki e-mail *\/<!-- [et_pb_line_break_holder] -->.contact-email {<!-- [et_pb_line_break_holder] -->    font-size: clamp(32px, 6vw, 120px) !important;<!-- [et_pb_line_break_holder] -->    font-weight: 300 !important; <!-- [et_pb_line_break_holder] -->    color: #cc0000 !important; \/* CZERWIE\u0143 NAWI\u0104ZUJ\u0104CA DO LOGO *\/<!-- [et_pb_line_break_holder] -->    text-decoration: none !important;<!-- [et_pb_line_break_holder] -->    line-height: 1.1 !important;<!-- [et_pb_line_break_holder] -->    margin-bottom: 5vh !important;<!-- [et_pb_line_break_holder] -->    transition: opacity 0.3s ease;<!-- [et_pb_line_break_holder] -->}<!-- [et_pb_line_break_holder] --><!-- [et_pb_line_break_holder] -->\/* Efekt najechania myszk\u0105 na e-mail *\/<!-- [et_pb_line_break_holder] -->.contact-email:hover {<!-- [et_pb_line_break_holder] -->    opacity: 0.6;<!-- [et_pb_line_break_holder] -->}<!-- [et_pb_line_break_holder] --><!-- [et_pb_line_break_holder] -->\/* Mniejszy adres na samym dole *\/<!-- [et_pb_line_break_holder] -->.contact-address {<!-- [et_pb_line_break_holder] -->    font-size: 13px;<!-- [et_pb_line_break_holder] -->    letter-spacing: 4px;<!-- [et_pb_line_break_holder] -->    color: #555555;<!-- [et_pb_line_break_holder] -->    text-transform: uppercase;<!-- [et_pb_line_break_holder] -->}<!-- [et_pb_line_break_holder] --><!-- [et_pb_line_break_holder] -->.contact-address p {<!-- [et_pb_line_break_holder] -->    margin: 0;<!-- [et_pb_line_break_holder] -->}<!-- [et_pb_line_break_holder] --><!-- [et_pb_line_break_holder] -->\/* Czerwona kropka oddzielaj\u0105ca ulic\u0119 od miasta *\/<!-- [et_pb_line_break_holder] -->.contact-address .dot {<!-- [et_pb_line_break_holder] -->    color: #cc0000; \/* CZERWIE[\/et_pb_code][\/et_pb_column][\/et_pb_row][\/et_pb_section]<\/p>\n","protected":false},"excerpt":{"rendered":"","protected":false},"author":1,"featured_media":0,"parent":0,"menu_order":0,"comment_status":"closed","ping_status":"closed","template":"","meta":{"_et_pb_use_builder":"on","_et_pb_old_content":"","_et_gb_content_width":"","footnotes":""},"class_list":["post-98","page","type-page","status-publish","hentry"],"_links":{"self":[{"href":"https:\/\/solopan.com.pl\/index.php?rest_route=\/wp\/v2\/pages\/98","targetHints":{"allow":["GET"]}}],"collection":[{"href":"https:\/\/solopan.com.pl\/index.php?rest_route=\/wp\/v2\/pages"}],"about":[{"href":"https:\/\/solopan.com.pl\/index.php?rest_route=\/wp\/v2\/types\/page"}],"author":[{"embeddable":true,"href":"https:\/\/solopan.com.pl\/index.php?rest_route=\/wp\/v2\/users\/1"}],"replies":[{"embeddable":true,"href":"https:\/\/solopan.com.pl\/index.php?rest_route=%2Fwp%2Fv2%2Fcomments&post=98"}],"version-history":[{"count":5,"href":"https:\/\/solopan.com.pl\/index.php?rest_route=\/wp\/v2\/pages\/98\/revisions"}],"predecessor-version":[{"id":157,"href":"https:\/\/solopan.com.pl\/index.php?rest_route=\/wp\/v2\/pages\/98\/revisions\/157"}],"wp:attachment":[{"href":"https:\/\/solopan.com.pl\/index.php?rest_route=%2Fwp%2Fv2%2Fmedia&parent=98"}],"curies":[{"name":"wp","href":"https:\/\/api.w.org\/{rel}","templated":true}]}}